{"id":4515,"date":"2021-02-18T17:02:57","date_gmt":"2021-02-18T17:02:57","guid":{"rendered":"https:\/\/www.webpetarda.si\/Ponudbe\/stube\/?page_id=4515"},"modified":"2021-03-04T15:55:29","modified_gmt":"2021-03-04T15:55:29","slug":"bilten","status":"publish","type":"page","link":"https:\/\/www.hckl.si\/sl\/bilten\/","title":{"rendered":"BILTEN"},"content":{"rendered":"<div data-elementor-type=\"wp-page\" data-elementor-id=\"4515\" class=\"elementor elementor-4515\" data-elementor-post-type=\"page\">\n\t\t\t\t\t\t<section class=\"elementor-section elementor-top-section elementor-element elementor-element-eb9d8d6 elementor-section-boxed elementor-section-height-default elementor-section-height-default\" data-id=\"eb9d8d6\" data-element_type=\"section\">\n\t\t\t\t\t\t<div class=\"elementor-container elementor-column-gap-default\">\n\t\t\t\t\t<div class=\"elementor-column elementor-col-100 elementor-top-column elementor-element elementor-element-dba9589\" data-id=\"dba9589\" data-element_type=\"column\">\n\t\t\t<div class=\"elementor-widget-wrap elementor-element-populated\">\n\t\t\t\t\t\t<div class=\"elementor-element elementor-element-ab60b6d elementor-widget elementor-widget-global elementor-global-4739 elementor-widget-theme-post-title\" data-id=\"ab60b6d\" data-element_type=\"widget\" data-widget_type=\"theme-post-title.default\">\n\t\t\t\t<div class=\"elementor-widget-container\">\n\t\t\t\t\t<h1 class=\"elementor-heading-title elementor-size-default\">BILTEN<\/h1>\t\t\t\t<\/div>\n\t\t\t\t<\/div>\n\t\t\t\t\t<\/div>\n\t\t<\/div>\n\t\t\t\t\t<\/div>\n\t\t<\/section>\n\t\t\t\t<section class=\"elementor-section elementor-top-section elementor-element elementor-element-96e68cd elementor-section-boxed elementor-section-height-default elementor-section-height-default\" data-id=\"96e68cd\" data-element_type=\"section\">\n\t\t\t\t\t\t<div class=\"elementor-container elementor-column-gap-default\">\n\t\t\t\t\t<div class=\"elementor-column elementor-col-100 elementor-top-column elementor-element elementor-element-d9c9872\" data-id=\"d9c9872\" data-element_type=\"column\">\n\t\t\t<div class=\"elementor-widget-wrap elementor-element-populated\">\n\t\t\t\t\t\t<div class=\"elementor-element elementor-element-49868a4 elementor-grid-tablet-1 elementor-posts--thumbnail-none elementor-grid-4 elementor-grid-mobile-1 elementor-card-shadow-yes elementor-posts__hover-gradient elementor-widget elementor-widget-posts\" data-id=\"49868a4\" data-element_type=\"widget\" data-settings=\"{&quot;cards_columns_tablet&quot;:&quot;1&quot;,&quot;cards_row_gap&quot;:{&quot;unit&quot;:&quot;px&quot;,&quot;size&quot;:34,&quot;sizes&quot;:[]},&quot;cards_columns&quot;:&quot;4&quot;,&quot;cards_columns_mobile&quot;:&quot;1&quot;,&quot;cards_row_gap_tablet&quot;:{&quot;unit&quot;:&quot;px&quot;,&quot;size&quot;:&quot;&quot;,&quot;sizes&quot;:[]},&quot;cards_row_gap_mobile&quot;:{&quot;unit&quot;:&quot;px&quot;,&quot;size&quot;:&quot;&quot;,&quot;sizes&quot;:[]}}\" data-widget_type=\"posts.cards\">\n\t\t\t\t<div class=\"elementor-widget-container\">\n\t\t\t\t\t\t\t<div class=\"elementor-posts-container elementor-posts elementor-posts--skin-cards elementor-grid\" role=\"list\">\n\t\t\t\t<article class=\"elementor-post elementor-grid-item post-4318 post type-post status-publish format-standard hentry category-bilten category-multimedia\" role=\"listitem\">\n\t\t\t<div class=\"elementor-post__card\">\n\t\t\t\t<div class=\"elementor-post__text\">\n\t\t\t\t<h2 class=\"elementor-post__title\">\n\t\t\t<a href=\"https:\/\/www.hckl.si\/sl\/bilten-rijec-beseda\/\" >\n\t\t\t\tBILTEN\t\t\t<\/a>\n\t\t<\/h2>\n\t\t\t\t<div class=\"elementor-post__excerpt\">\n\t\t\t<p>Bilten DHCKL izlazi jednom godi\u0161nje u ograni\u010denom broju primjeraka. Prvi broj je iza\u0161ao u prosincu 2021. Ure\u0111uje ga uredni\u010dki odbor. Donosi pregled doga\u0111anja i aktivnosti Centra u teku\u0107oj godini, te najavu planiranih doga\u0111aj kao i<\/p>\n\t\t<\/div>\n\t\t\n\t\t<a class=\"elementor-post__read-more\" href=\"https:\/\/www.hckl.si\/sl\/bilten-rijec-beseda\/\" aria-label=\"Read more about BILTEN\" tabindex=\"-1\" >\n\t\t\tPreberi ve\u010d\t\t<\/a>\n\n\t\t\t\t<\/div>\n\t\t\t\t\t<\/div>\n\t\t<\/article>\n\t\t\t\t<article class=\"elementor-post elementor-grid-item post-4319 post type-post status-publish format-standard hentry category-bilten category-multimedia\" role=\"listitem\">\n\t\t\t<div class=\"elementor-post__card\">\n\t\t\t\t<div class=\"elementor-post__text\">\n\t\t\t\t<h2 class=\"elementor-post__title\">\n\t\t\t<a href=\"https:\/\/www.hckl.si\/sl\/uputa\/\" >\n\t\t\t\tNAVODILA\t\t\t<\/a>\n\t\t<\/h2>\n\t\t\t\t<div class=\"elementor-post__excerpt\">\n\t\t\t<p>\u010clanki naj bodo napisani in oddani v elektronski obliki v Wordu. Zaradi velikega \u0161tevila \u010dlankov in \u017eelje uredni\u0161tva, da omogo\u010di izraziti svoje mnenje \u010dim ve\u010djemu \u0161tevilu ljudi, bomo objavili \u010dlanke do najve\u010d 30 tiskanih vrstic (pribli\u017eno)<\/p>\n\t\t<\/div>\n\t\t\n\t\t<a class=\"elementor-post__read-more\" href=\"https:\/\/www.hckl.si\/sl\/uputa\/\" aria-label=\"Read more about UPUTA\" tabindex=\"-1\" >\n\t\t\tPreberi ve\u010d\t\t<\/a>\n\n\t\t\t\t<\/div>\n\t\t\t\t\t<\/div>\n\t\t<\/article>\n\t\t\t\t<article class=\"elementor-post elementor-grid-item post-4847 post type-post status-publish format-standard hentry category-bilten category-multimedia\" role=\"listitem\">\n\t\t\t<div class=\"elementor-post__card\">\n\t\t\t\t<div class=\"elementor-post__text\">\n\t\t\t\t<h2 class=\"elementor-post__title\">\n\t\t\t<a href=\"https:\/\/www.hckl.si\/sl\/zbornici\/\" >\n\t\t\t\tZBORNIKI\t\t\t<\/a>\n\t\t<\/h2>\n\t\t\t\t<div class=\"elementor-post__excerpt\">\n\t\t\t<p>Tu lahko najdete Zbornike Matice. HIZ- Matica 2011 HIZ- Matica 2015 HIZ- Matica 2016 HIZ- Matica 2017 HIZ- Matica 2018 HIZ- Matica 2019<\/p>\n\t\t<\/div>\n\t\t\n\t\t<a class=\"elementor-post__read-more\" href=\"https:\/\/www.hckl.si\/sl\/zbornici\/\" aria-label=\"Read more about ZBORNICI\" tabindex=\"-1\" >\n\t\t\tPreberi ve\u010d\t\t<\/a>\n\n\t\t\t\t<\/div>\n\t\t\t\t\t<\/div>\n\t\t<\/article>\n\t\t\t\t<article class=\"elementor-post elementor-grid-item post-4925 post type-post status-publish format-standard hentry category-bilten category-multimedia\" role=\"listitem\">\n\t\t\t<div class=\"elementor-post__card\">\n\t\t\t\t<div class=\"elementor-post__text\">\n\t\t\t\t<h2 class=\"elementor-post__title\">\n\t\t\t<a href=\"https:\/\/www.hckl.si\/sl\/ostali-bilteni\/\" >\n\t\t\t\tOSTALI BILTENI\t\t\t<\/a>\n\t\t<\/h2>\n\t\t\t\t<div class=\"elementor-post__excerpt\">\n\t\t\t<p>Tu lahko najdete linke do biltenov Zveze in drugih hrva\u0161kih dru\u0161tev v Sloveniji. HDL Klasje Korijeni 11-2014 HKDL Pu\u0161lek Korijeni 12-2015 Korijeni 13-2016 Korijeni 14-2017<\/p>\n\t\t<\/div>\n\t\t\n\t\t<a class=\"elementor-post__read-more\" href=\"https:\/\/www.hckl.si\/sl\/ostali-bilteni\/\" aria-label=\"Read more about OSTALI BILTENI\" tabindex=\"-1\" >\n\t\t\tPreberi ve\u010d\t\t<\/a>\n\n\t\t\t\t<\/div>\n\t\t\t\t\t<\/div>\n\t\t<\/article>\n\t\t\t\t<\/div>\n\t\t\n\t\t\t\t\t\t<\/div>\n\t\t\t\t<\/div>\n\t\t\t\t\t<\/div>\n\t\t<\/div>\n\t\t\t\t\t<\/div>\n\t\t<\/section>\n\t\t\t\t<\/div>","protected":false},"excerpt":{"rendered":"","protected":false},"author":1,"featured_media":0,"parent":0,"menu_order":0,"comment_status":"closed","ping_status":"closed","template":"","meta":{"footnotes":""},"class_list":["post-4515","page","type-page","status-publish","hentry"],"_links":{"self":[{"href":"https:\/\/www.hckl.si\/sl\/wp-json\/wp\/v2\/pages\/4515","targetHints":{"allow":["GET"]}}],"collection":[{"href":"https:\/\/www.hckl.si\/sl\/wp-json\/wp\/v2\/pages"}],"about":[{"href":"https:\/\/www.hckl.si\/sl\/wp-json\/wp\/v2\/types\/page"}],"author":[{"embeddable":true,"href":"https:\/\/www.hckl.si\/sl\/wp-json\/wp\/v2\/users\/1"}],"replies":[{"embeddable":true,"href":"https:\/\/www.hckl.si\/sl\/wp-json\/wp\/v2\/comments?post=4515"}],"version-history":[{"count":8,"href":"https:\/\/www.hckl.si\/sl\/wp-json\/wp\/v2\/pages\/4515\/revisions"}],"predecessor-version":[{"id":4933,"href":"https:\/\/www.hckl.si\/sl\/wp-json\/wp\/v2\/pages\/4515\/revisions\/4933"}],"wp:attachment":[{"href":"https:\/\/www.hckl.si\/sl\/wp-json\/wp\/v2\/media?parent=4515"}],"curies":[{"name":"wp","href":"https:\/\/api.w.org\/{rel}","templated":true}]}}