{"id":4429,"date":"2021-02-18T12:11:49","date_gmt":"2021-02-18T12:11:49","guid":{"rendered":"https:\/\/www.webpetarda.si\/Ponudbe\/stube\/?page_id=4429"},"modified":"2021-03-05T10:10:33","modified_gmt":"2021-03-05T10:10:33","slug":"dokumenti","status":"publish","type":"page","link":"https:\/\/www.hckl.si\/sl\/dokumenti\/","title":{"rendered":"Dokumenti"},"content":{"rendered":"<div data-elementor-type=\"wp-page\" data-elementor-id=\"4429\" class=\"elementor elementor-4429\" data-elementor-post-type=\"page\">\n\t\t\t\t\t\t<section class=\"elementor-section elementor-top-section elementor-element elementor-element-bdd5ba7 elementor-section-boxed elementor-section-height-default elementor-section-height-default\" data-id=\"bdd5ba7\" data-element_type=\"section\">\n\t\t\t\t\t\t<div class=\"elementor-container elementor-column-gap-default\">\n\t\t\t\t\t<div class=\"elementor-column elementor-col-100 elementor-top-column elementor-element elementor-element-69f874c\" data-id=\"69f874c\" data-element_type=\"column\">\n\t\t\t<div class=\"elementor-widget-wrap elementor-element-populated\">\n\t\t\t\t\t\t<div class=\"elementor-element elementor-element-3ac618a elementor-widget elementor-widget-theme-post-title elementor-page-title elementor-widget-heading\" data-id=\"3ac618a\" data-element_type=\"widget\" data-widget_type=\"theme-post-title.default\">\n\t\t\t\t<div class=\"elementor-widget-container\">\n\t\t\t\t\t<h1 class=\"elementor-heading-title elementor-size-default\">Dokumenti<\/h1>\t\t\t\t<\/div>\n\t\t\t\t<\/div>\n\t\t\t\t\t<\/div>\n\t\t<\/div>\n\t\t\t\t\t<\/div>\n\t\t<\/section>\n\t\t\t\t<section class=\"elementor-section elementor-top-section elementor-element elementor-element-6a316a4 elementor-section-boxed elementor-section-height-default elementor-section-height-default\" data-id=\"6a316a4\" data-element_type=\"section\">\n\t\t\t\t\t\t<div class=\"elementor-container elementor-column-gap-default\">\n\t\t\t\t\t<div class=\"elementor-column elementor-col-100 elementor-top-column elementor-element elementor-element-6de039c\" data-id=\"6de039c\" data-element_type=\"column\">\n\t\t\t<div class=\"elementor-widget-wrap elementor-element-populated\">\n\t\t\t\t\t\t<div class=\"elementor-element elementor-element-9fabb5d elementor-widget elementor-widget-text-editor\" data-id=\"9fabb5d\" data-element_type=\"widget\" data-widget_type=\"text-editor.default\">\n\t\t\t\t<div class=\"elementor-widget-container\">\n\t\t\t\t\t\t\t\t\t<p>DHCKL ima splo\u0161ne akte, ki na splo\u0161no urejajo dolo\u010dena vpra\u0161anja iz dejavnosti Dru\u0161tva. Razlago drugih aktov Dru\u0161tva poda upravni odbor Dru\u0161tva.<\/p>\t\t\t\t\t\t\t\t<\/div>\n\t\t\t\t<\/div>\n\t\t\t\t\t<\/div>\n\t\t<\/div>\n\t\t\t\t\t<\/div>\n\t\t<\/section>\n\t\t\t\t<section class=\"elementor-section elementor-top-section elementor-element elementor-element-4556f85 elementor-section-boxed elementor-section-height-default elementor-section-height-default\" data-id=\"4556f85\" data-element_type=\"section\">\n\t\t\t\t\t\t<div class=\"elementor-container elementor-column-gap-default\">\n\t\t\t\t\t<div class=\"elementor-column elementor-col-100 elementor-top-column elementor-element elementor-element-585b949\" data-id=\"585b949\" data-element_type=\"column\">\n\t\t\t<div class=\"elementor-widget-wrap elementor-element-populated\">\n\t\t\t\t\t\t<div class=\"elementor-element elementor-element-3152eb5 elementor-grid-tablet-1 elementor-posts--thumbnail-none elementor-grid-3 elementor-grid-mobile-1 elementor-card-shadow-yes elementor-posts__hover-gradient elementor-widget elementor-widget-posts\" data-id=\"3152eb5\" data-element_type=\"widget\" data-settings=\"{&quot;cards_columns_tablet&quot;:&quot;1&quot;,&quot;cards_row_gap&quot;:{&quot;unit&quot;:&quot;px&quot;,&quot;size&quot;:34,&quot;sizes&quot;:[]},&quot;cards_columns&quot;:&quot;3&quot;,&quot;cards_columns_mobile&quot;:&quot;1&quot;,&quot;cards_row_gap_tablet&quot;:{&quot;unit&quot;:&quot;px&quot;,&quot;size&quot;:&quot;&quot;,&quot;sizes&quot;:[]},&quot;cards_row_gap_mobile&quot;:{&quot;unit&quot;:&quot;px&quot;,&quot;size&quot;:&quot;&quot;,&quot;sizes&quot;:[]}}\" data-widget_type=\"posts.cards\">\n\t\t\t\t<div class=\"elementor-widget-container\">\n\t\t\t\t\t\t\t<div class=\"elementor-posts-container elementor-posts elementor-posts--skin-cards elementor-grid\" role=\"list\">\n\t\t\t\t<article class=\"elementor-post elementor-grid-item post-4252 post type-post status-publish format-standard hentry category-o_nama\" role=\"listitem\">\n\t\t\t<div class=\"elementor-post__card\">\n\t\t\t\t<div class=\"elementor-post__text\">\n\t\t\t\t<h2 class=\"elementor-post__title\">\n\t\t\t<a href=\"https:\/\/www.hckl.si\/sl\/statut\/\" >\n\t\t\t\tSTATUT\t\t\t<\/a>\n\t\t<\/h2>\n\t\t\t\t<div class=\"elementor-post__excerpt\">\n\t\t\t<p>Statut je temeljni op\u0107i akt Dru\u0161tva, svi ostali op\u0107i akti moraju biti u skladu s odredbama Statuta. Tuma\u010denje odredbi ovog Statuta daje Zbor \u010dlanova Hrvatskog kulturnog centra Ljubljana. STATUT (hr)<\/p>\n\t\t<\/div>\n\t\t\n\t\t<a class=\"elementor-post__read-more\" href=\"https:\/\/www.hckl.si\/sl\/statut\/\" aria-label=\"Read more about STATUT\" tabindex=\"-1\" >\n\t\t\tPreberi ve\u010d\t\t<\/a>\n\n\t\t\t\t<\/div>\n\t\t\t\t\t<\/div>\n\t\t<\/article>\n\t\t\t\t<article class=\"elementor-post elementor-grid-item post-4263 post type-post status-publish format-standard hentry category-o_nama\" role=\"listitem\">\n\t\t\t<div class=\"elementor-post__card\">\n\t\t\t\t<div class=\"elementor-post__text\">\n\t\t\t\t<h2 class=\"elementor-post__title\">\n\t\t\t<a href=\"https:\/\/www.hckl.si\/sl\/kodeks\/\" >\n\t\t\t\tKODEKS\t\t\t<\/a>\n\t\t<\/h2>\n\t\t\t\t<div class=\"elementor-post__excerpt\">\n\t\t\t<p>Dru\u0161tvo ima Kodeks vrijednosti \u010dlanova, koji se temelji na temeljnim vrlinama, \u010dije po\u0161tivanje pridonosi prosperitetu svakom \u010dlanu Dru\u0161tva kao i zajednici. Usvojen je na prvoj sjednici Upravnog odbora DHCKL, 16.. prosinca 2020. i vrijedi do<\/p>\n\t\t<\/div>\n\t\t\n\t\t<a class=\"elementor-post__read-more\" href=\"https:\/\/www.hckl.si\/sl\/kodeks\/\" aria-label=\"Read more about KODEKS\" tabindex=\"-1\" >\n\t\t\tPreberi ve\u010d\t\t<\/a>\n\n\t\t\t\t<\/div>\n\t\t\t\t\t<\/div>\n\t\t<\/article>\n\t\t\t\t<\/div>\n\t\t\n\t\t\t\t\t\t<\/div>\n\t\t\t\t<\/div>\n\t\t\t\t\t<\/div>\n\t\t<\/div>\n\t\t\t\t\t<\/div>\n\t\t<\/section>\n\t\t\t\t<\/div>","protected":false},"excerpt":{"rendered":"<p>DHCKL ima splo\u0161ne akte, ki na splo\u0161no urejajo dolo\u010dena vpra\u0161anja iz dejavnosti Dru\u0161tva. Razlago drugih aktov Dru\u0161tva poda upravni odbor Dru\u0161tva.<\/p>","protected":false},"author":1,"featured_media":0,"parent":0,"menu_order":0,"comment_status":"closed","ping_status":"closed","template":"","meta":{"footnotes":""},"class_list":["post-4429","page","type-page","status-publish","hentry"],"_links":{"self":[{"href":"https:\/\/www.hckl.si\/sl\/wp-json\/wp\/v2\/pages\/4429","targetHints":{"allow":["GET"]}}],"collection":[{"href":"https:\/\/www.hckl.si\/sl\/wp-json\/wp\/v2\/pages"}],"about":[{"href":"https:\/\/www.hckl.si\/sl\/wp-json\/wp\/v2\/types\/page"}],"author":[{"embeddable":true,"href":"https:\/\/www.hckl.si\/sl\/wp-json\/wp\/v2\/users\/1"}],"replies":[{"embeddable":true,"href":"https:\/\/www.hckl.si\/sl\/wp-json\/wp\/v2\/comments?post=4429"}],"version-history":[{"count":12,"href":"https:\/\/www.hckl.si\/sl\/wp-json\/wp\/v2\/pages\/4429\/revisions"}],"predecessor-version":[{"id":4966,"href":"https:\/\/www.hckl.si\/sl\/wp-json\/wp\/v2\/pages\/4429\/revisions\/4966"}],"wp:attachment":[{"href":"https:\/\/www.hckl.si\/sl\/wp-json\/wp\/v2\/media?parent=4429"}],"curies":[{"name":"wp","href":"https:\/\/api.w.org\/{rel}","templated":true}]}}