{"id":3974,"date":"2021-02-06T16:46:21","date_gmt":"2021-02-06T16:46:21","guid":{"rendered":"https:\/\/www.webpetarda.si\/Ponudbe\/stube\/?page_id=3974"},"modified":"2021-06-03T20:22:00","modified_gmt":"2021-06-03T20:22:00","slug":"novosti-iz-arhiva","status":"publish","type":"page","link":"https:\/\/www.hckl.si\/sl\/novosti-iz-arhiva\/","title":{"rendered":"ARHIV"},"content":{"rendered":"<div data-elementor-type=\"wp-page\" data-elementor-id=\"3974\" class=\"elementor elementor-3974\" data-elementor-post-type=\"page\">\n\t\t\t\t\t\t<section class=\"elementor-section elementor-top-section elementor-element elementor-element-5f51809 elementor-section-boxed elementor-section-height-default elementor-section-height-default\" data-id=\"5f51809\" data-element_type=\"section\">\n\t\t\t\t\t\t<div class=\"elementor-container elementor-column-gap-default\">\n\t\t\t\t\t<div class=\"elementor-column elementor-col-100 elementor-top-column elementor-element elementor-element-4edd13f\" data-id=\"4edd13f\" data-element_type=\"column\">\n\t\t\t<div class=\"elementor-widget-wrap elementor-element-populated\">\n\t\t\t\t\t\t<div class=\"elementor-element elementor-element-70f281f elementor-widget elementor-widget-theme-post-title elementor-page-title elementor-widget-heading\" data-id=\"70f281f\" data-element_type=\"widget\" data-widget_type=\"theme-post-title.default\">\n\t\t\t\t<div class=\"elementor-widget-container\">\n\t\t\t\t\t<h1 class=\"elementor-heading-title elementor-size-default\">ARHIV<\/h1>\t\t\t\t<\/div>\n\t\t\t\t<\/div>\n\t\t\t\t\t<\/div>\n\t\t<\/div>\n\t\t\t\t\t<\/div>\n\t\t<\/section>\n\t\t\t\t<section class=\"elementor-section elementor-top-section elementor-element elementor-element-eb6b7d1 elementor-section-boxed elementor-section-height-default elementor-section-height-default\" data-id=\"eb6b7d1\" data-element_type=\"section\">\n\t\t\t\t\t\t<div class=\"elementor-container elementor-column-gap-default\">\n\t\t\t\t\t<div class=\"elementor-column elementor-col-100 elementor-top-column elementor-element elementor-element-edfa288\" data-id=\"edfa288\" data-element_type=\"column\">\n\t\t\t<div class=\"elementor-widget-wrap elementor-element-populated\">\n\t\t\t\t\t\t<div class=\"elementor-element elementor-element-5e0c718 elementor-grid-tablet-1 elementor-posts--thumbnail-none elementor-grid-3 elementor-grid-mobile-1 elementor-card-shadow-yes elementor-posts__hover-gradient elementor-widget elementor-widget-posts\" data-id=\"5e0c718\" data-element_type=\"widget\" data-settings=\"{&quot;cards_columns_tablet&quot;:&quot;1&quot;,&quot;cards_row_gap&quot;:{&quot;unit&quot;:&quot;px&quot;,&quot;size&quot;:34,&quot;sizes&quot;:[]},&quot;pagination_type&quot;:&quot;numbers&quot;,&quot;cards_columns&quot;:&quot;3&quot;,&quot;cards_columns_mobile&quot;:&quot;1&quot;,&quot;cards_row_gap_tablet&quot;:{&quot;unit&quot;:&quot;px&quot;,&quot;size&quot;:&quot;&quot;,&quot;sizes&quot;:[]},&quot;cards_row_gap_mobile&quot;:{&quot;unit&quot;:&quot;px&quot;,&quot;size&quot;:&quot;&quot;,&quot;sizes&quot;:[]}}\" data-widget_type=\"posts.cards\">\n\t\t\t\t<div class=\"elementor-widget-container\">\n\t\t\t\t\t\t\t<div class=\"elementor-posts-container elementor-posts elementor-posts--skin-cards elementor-grid\" role=\"list\">\n\t\t\t\t<article class=\"elementor-post elementor-grid-item post-5202 post type-post status-publish format-standard hentry category-novice\" role=\"listitem\">\n\t\t\t<div class=\"elementor-post__card\">\n\t\t\t\t<div class=\"elementor-post__text\">\n\t\t\t\t<h2 class=\"elementor-post__title\">\n\t\t\t<a href=\"https:\/\/www.hckl.si\/sl\/medunarodni-znanstveni-skup-migracije-i-identiteti-kultura-ekonomija-drzava\/\" >\n\t\t\t\tMEDNARODNO ZNANSTVENO SRE\u010cANJE - Migracije in identitete, kultura, gospodarstvo, dr\u017eava\t\t\t<\/a>\n\t\t<\/h2>\n\t\t\t\t<div class=\"elementor-post__excerpt\">\n\t\t\t<p>\u010clan HCKL prof. Katica \u0160piranec bo v sredo, 19. maja 2021. s pomo\u010djo aplikacije zoom sodelovala na konferenci Migracije in identiteta, kultura, gospodarstvo in dr\u017eava. Predstavila bo projekt Hrva\u0161ka hi\u0161a v Ljubljani.<\/p>\n\t\t<\/div>\n\t\t\n\t\t<a class=\"elementor-post__read-more\" href=\"https:\/\/www.hckl.si\/sl\/medunarodni-znanstveni-skup-migracije-i-identiteti-kultura-ekonomija-drzava\/\" aria-label=\"Read more about ME\u0110UNARODNI ZNANSTVENI SKUP &#8211; Migracije i identiteti, kultura, ekonomija, dr\u017eava.\" tabindex=\"-1\" >\n\t\t\tPreberi ve\u010d\t\t<\/a>\n\n\t\t\t\t<\/div>\n\t\t\t\t\t<\/div>\n\t\t<\/article>\n\t\t\t\t<article class=\"elementor-post elementor-grid-item post-5154 post type-post status-publish format-standard hentry category-novice\" role=\"listitem\">\n\t\t\t<div class=\"elementor-post__card\">\n\t\t\t\t<div class=\"elementor-post__text\">\n\t\t\t\t<h2 class=\"elementor-post__title\">\n\t\t\t<a href=\"https:\/\/www.hckl.si\/sl\/hckl-pocinje-sa-organizacijom-redovnih-mjesecnih-tribina\/\" >\n\t\t\t\tHCKL za\u010denja organizirati redne mese\u010dne tribune\t\t\t<\/a>\n\t\t<\/h2>\n\t\t\t\t<div class=\"elementor-post__excerpt\">\n\t\t\t<p>Gost prvega foruma, ki je bil organiziran na platformi Zoom 20. maja 2021 ob 18h, je bil gospod Darko \u0160onc, predsednik Slovenske hi\u0161e iz Zagreba in dolgoletni predsednik Zveze slovenskih dru\u0161tev na Hrva\u0161kem. Z njim<\/p>\n\t\t<\/div>\n\t\t\n\t\t<a class=\"elementor-post__read-more\" href=\"https:\/\/www.hckl.si\/sl\/hckl-pocinje-sa-organizacijom-redovnih-mjesecnih-tribina\/\" aria-label=\"Read more about HCKL po\u010dinje sa organizacijom redovnih mjese\u010dnih tribina\" tabindex=\"-1\" >\n\t\t\tPreberi ve\u010d\t\t<\/a>\n\n\t\t\t\t<\/div>\n\t\t\t\t\t<\/div>\n\t\t<\/article>\n\t\t\t\t<article class=\"elementor-post elementor-grid-item post-5082 post type-post status-publish format-standard hentry category-novice\" role=\"listitem\">\n\t\t\t<div class=\"elementor-post__card\">\n\t\t\t\t<div class=\"elementor-post__text\">\n\t\t\t\t<h2 class=\"elementor-post__title\">\n\t\t\t<a href=\"https:\/\/www.hckl.si\/sl\/milan-juricev-talijas\/\" >\n\t\t\t\tSPOMINSKA PLO\u0160\u010cA V VODICAH\t\t\t<\/a>\n\t\t<\/h2>\n\t\t\t\t<div class=\"elementor-post__excerpt\">\n\t\t\t<p>Po zamolbi gosp. Jerka Sladoljeva i tridesetak obitelji porijeklom iz Vodica, a sada nastanjenih u Sloveniji, dobili smo prijedlog da u ime Hrvatskog centra kulture u Ljubljani, Slovenija, istra\u017eimo i elaboriramo\u00a0 posthumno priznanje za gosp.<\/p>\n\t\t<\/div>\n\t\t\n\t\t<a class=\"elementor-post__read-more\" href=\"https:\/\/www.hckl.si\/sl\/milan-juricev-talijas\/\" aria-label=\"Read more about SPOMEN PLO\u010cA U VODICAMA\" tabindex=\"-1\" >\n\t\t\tPreberi ve\u010d\t\t<\/a>\n\n\t\t\t\t<\/div>\n\t\t\t\t\t<\/div>\n\t\t<\/article>\n\t\t\t\t<article class=\"elementor-post elementor-grid-item post-5066 post type-post status-publish format-standard hentry category-novice\" role=\"listitem\">\n\t\t\t<div class=\"elementor-post__card\">\n\t\t\t\t<div class=\"elementor-post__text\">\n\t\t\t\t<h2 class=\"elementor-post__title\">\n\t\t\t<a href=\"https:\/\/www.hckl.si\/sl\/donacije-knjiga\/\" >\n\t\t\t\tDONACIJE KNJIG\t\t\t<\/a>\n\t\t<\/h2>\n\t\t\t\t<div class=\"elementor-post__excerpt\">\n\t\t\t<p>Na podlagi skupnega sodelovanja med Mestno knji\u017enico \"Ivan Goran Kova\u010di\u0107\" iz Karlovca in Hrva\u0161kim kulturnim domom v Ljubljani, da bi podprli razvoj hrva\u0161ke kulture zunaj meja Republike Hrva\u0161ke, je bila prva v nizu donacij knjige v hrva\u0161\u010dini.<\/p>\n\t\t<\/div>\n\t\t\n\t\t<a class=\"elementor-post__read-more\" href=\"https:\/\/www.hckl.si\/sl\/donacije-knjiga\/\" aria-label=\"Read more about DONACIJE KNJIGA\" tabindex=\"-1\" >\n\t\t\tPreberi ve\u010d\t\t<\/a>\n\n\t\t\t\t<\/div>\n\t\t\t\t\t<\/div>\n\t\t<\/article>\n\t\t\t\t<article class=\"elementor-post elementor-grid-item post-4168 post type-post status-publish format-standard has-post-thumbnail hentry category-novice\" role=\"listitem\">\n\t\t\t<div class=\"elementor-post__card\">\n\t\t\t\t<div class=\"elementor-post__text\">\n\t\t\t\t<h2 class=\"elementor-post__title\">\n\t\t\t<a href=\"https:\/\/www.hckl.si\/sl\/zasto-postati-clan-d-hck-ljubljana\/\" >\n\t\t\t\tZAKAJ POSTATI \u010cLAN DHCK Ljubljana\t\t\t<\/a>\n\t\t<\/h2>\n\t\t\t\t<div class=\"elementor-post__excerpt\">\n\t\t\t<p>Z vstopom v zdru\u017eenje postanete del velike dru\u017eine Hrvatov v Ljubljani, ki skozi zbiranje, spoznavanje in medsebojno povezovanje na razli\u010dnih podro\u010djih. Na\u0161a vrata so odprta za vse ljudi z velikim srcem in dobrimi nameni, zato se nam pridru\u017eite in izpolnite prijavnico \u0161e\ndanes!<\/p>\n\t\t<\/div>\n\t\t\n\t\t<a class=\"elementor-post__read-more\" href=\"https:\/\/www.hckl.si\/sl\/zasto-postati-clan-d-hck-ljubljana\/\" aria-label=\"Read more about ZA\u0160TO POSTATI \u010cLAN D HCK Ljubljana\" tabindex=\"-1\" >\n\t\t\tPreberi ve\u010d\t\t<\/a>\n\n\t\t\t\t<\/div>\n\t\t\t\t\t<\/div>\n\t\t<\/article>\n\t\t\t\t<article class=\"elementor-post elementor-grid-item post-4167 post type-post status-publish format-standard hentry category-novice\" role=\"listitem\">\n\t\t\t<div class=\"elementor-post__card\">\n\t\t\t\t<div class=\"elementor-post__text\">\n\t\t\t\t<h2 class=\"elementor-post__title\">\n\t\t\t<a href=\"https:\/\/www.hckl.si\/sl\/potres-u-sisacko-moslavackoj-zupaniji\/\" >\n\t\t\t\tPOTRES V SISA\u010cKO MOSLAVA\u010cKOJ\n\u017dUPANIJI\t\t\t<\/a>\n\t\t<\/h2>\n\t\t\t\t<div class=\"elementor-post__excerpt\">\n\t\t\t<p>Na pobudo enega od ustanoviteljev DHCKL in \u010dlana IO DHSP Zlatka Kataleni\u0107a so na Dolenjskem 30. in 31. decembra 2020. zbirali humanitarno pomo\u010d, ki je bila 1. januarja 2021. dostavljena neposredno prizadetim prebivalcem oddaljenih obmo\u010dij Sisa\u0161ko-moslava\u0161ke regije na Hrva\u0161kem.<\/p>\n\t\t<\/div>\n\t\t\n\t\t<a class=\"elementor-post__read-more\" href=\"https:\/\/www.hckl.si\/sl\/potres-u-sisacko-moslavackoj-zupaniji\/\" aria-label=\"Read more about POTRES U SISA\u010cKO MOSLAVA\u010cKOJ \u017dUPANIJI\" tabindex=\"-1\" >\n\t\t\tPreberi ve\u010d\t\t<\/a>\n\n\t\t\t\t<\/div>\n\t\t\t\t\t<\/div>\n\t\t<\/article>\n\t\t\t\t<article class=\"elementor-post elementor-grid-item post-4166 post type-post status-publish format-standard hentry category-novice\" role=\"listitem\">\n\t\t\t<div class=\"elementor-post__card\">\n\t\t\t\t<div class=\"elementor-post__text\">\n\t\t\t\t<h2 class=\"elementor-post__title\">\n\t\t\t<a href=\"https:\/\/www.hckl.si\/sl\/hrvatski-i-slovenski-turizam-u-2021\/\" >\n\t\t\t\tHRVA\u0160KI IN SLOVENSKI TURIZEM 2021\t\t\t<\/a>\n\t\t<\/h2>\n\t\t\t\t<div class=\"elementor-post__excerpt\">\n\t\t\t<p>V organizaciji DHCKL so turisti\u010dni vodniki in organizatorji 22. februarja 2021 organizirali predavanje Teams na temo \"Kaj pravijo strokovnjaki in turisti\u010dni vodniki?\" \n\nTokrat sta Rado Ragu\u017e in Zlatko Kataleni\u0107 predstavila cilje in aktivnosti Dru\u0161tva ter<\/p>\n\t\t<\/div>\n\t\t\n\t\t<a class=\"elementor-post__read-more\" href=\"https:\/\/www.hckl.si\/sl\/hrvatski-i-slovenski-turizam-u-2021\/\" aria-label=\"Read more about HRVATSKI I SLOVENSKI TURIZAM U 2021\" tabindex=\"-1\" >\n\t\t\tPreberi ve\u010d\t\t<\/a>\n\n\t\t\t\t<\/div>\n\t\t\t\t\t<\/div>\n\t\t<\/article>\n\t\t\t\t<\/div>\n\t\t\n\t\t\t\t\t\t<\/div>\n\t\t\t\t<\/div>\n\t\t\t\t\t<\/div>\n\t\t<\/div>\n\t\t\t\t\t<\/div>\n\t\t<\/section>\n\t\t\t\t<\/div>","protected":false},"excerpt":{"rendered":"","protected":false},"author":1,"featured_media":0,"parent":0,"menu_order":0,"comment_status":"closed","ping_status":"closed","template":"","meta":{"footnotes":""},"class_list":["post-3974","page","type-page","status-publish","hentry"],"_links":{"self":[{"href":"https:\/\/www.hckl.si\/sl\/wp-json\/wp\/v2\/pages\/3974","targetHints":{"allow":["GET"]}}],"collection":[{"href":"https:\/\/www.hckl.si\/sl\/wp-json\/wp\/v2\/pages"}],"about":[{"href":"https:\/\/www.hckl.si\/sl\/wp-json\/wp\/v2\/types\/page"}],"author":[{"embeddable":true,"href":"https:\/\/www.hckl.si\/sl\/wp-json\/wp\/v2\/users\/1"}],"replies":[{"embeddable":true,"href":"https:\/\/www.hckl.si\/sl\/wp-json\/wp\/v2\/comments?post=3974"}],"version-history":[{"count":12,"href":"https:\/\/www.hckl.si\/sl\/wp-json\/wp\/v2\/pages\/3974\/revisions"}],"predecessor-version":[{"id":5233,"href":"https:\/\/www.hckl.si\/sl\/wp-json\/wp\/v2\/pages\/3974\/revisions\/5233"}],"wp:attachment":[{"href":"https:\/\/www.hckl.si\/sl\/wp-json\/wp\/v2\/media?parent=3974"}],"curies":[{"name":"wp","href":"https:\/\/api.w.org\/{rel}","templated":true}]}}