{"id":3560,"date":"2021-01-27T11:23:03","date_gmt":"2021-01-27T11:23:03","guid":{"rendered":"https:\/\/www.webpetarda.si\/Ponudbe\/stube\/?page_id=3560"},"modified":"2021-03-04T16:39:50","modified_gmt":"2021-03-04T16:39:50","slug":"zasto-postati-clan-d-hck-ljubljana","status":"publish","type":"page","link":"https:\/\/www.hckl.si\/sl\/zasto-postati-clan-d-hck-ljubljana\/","title":{"rendered":"ZAKAJ POSTATI \u010cLAN DHCK Ljubljana"},"content":{"rendered":"<div data-elementor-type=\"wp-page\" data-elementor-id=\"3560\" class=\"elementor elementor-3560\" data-elementor-post-type=\"page\">\n\t\t\t\t\t\t<section class=\"elementor-section elementor-top-section elementor-element elementor-element-396f344 elementor-section-boxed elementor-section-height-default elementor-section-height-default\" data-id=\"396f344\" data-element_type=\"section\">\n\t\t\t\t\t\t<div class=\"elementor-container elementor-column-gap-default\">\n\t\t\t\t\t<div class=\"elementor-column elementor-col-100 elementor-top-column elementor-element elementor-element-c1d559b\" data-id=\"c1d559b\" data-element_type=\"column\">\n\t\t\t<div class=\"elementor-widget-wrap elementor-element-populated\">\n\t\t\t\t\t\t<div class=\"elementor-element elementor-element-ddc92fa elementor-widget elementor-widget-theme-post-title elementor-page-title elementor-widget-heading\" data-id=\"ddc92fa\" data-element_type=\"widget\" data-widget_type=\"theme-post-title.default\">\n\t\t\t\t<div class=\"elementor-widget-container\">\n\t\t\t\t\t<h1 class=\"elementor-heading-title elementor-size-default\">ZAKAJ POSTATI \u010cLAN DHCK Ljubljana<\/h1>\t\t\t\t<\/div>\n\t\t\t\t<\/div>\n\t\t\t\t\t<\/div>\n\t\t<\/div>\n\t\t\t\t\t<\/div>\n\t\t<\/section>\n\t\t\t\t<section class=\"elementor-section elementor-top-section elementor-element elementor-element-ce9529d elementor-section-boxed elementor-section-height-default elementor-section-height-default\" data-id=\"ce9529d\" data-element_type=\"section\">\n\t\t\t\t\t\t<div class=\"elementor-container elementor-column-gap-default\">\n\t\t\t\t\t<div class=\"elementor-column elementor-col-50 elementor-top-column elementor-element elementor-element-d527040\" data-id=\"d527040\" data-element_type=\"column\">\n\t\t\t<div class=\"elementor-widget-wrap elementor-element-populated\">\n\t\t\t\t\t\t<div class=\"elementor-element elementor-element-95097d3 elementor-widget elementor-widget-text-editor\" data-id=\"95097d3\" data-element_type=\"widget\" data-widget_type=\"text-editor.default\">\n\t\t\t\t<div class=\"elementor-widget-container\">\n\t\t\t\t\t\t\t\t\t<p>S pristopom v DHCKL postanete del velike dru\u017eine Hrvatov v Sloveniji, ki z zbiranjem, spoznavanjem in medsebojnim povezovanjem sodelujejo pri razli\u010dnih projektih in pomagajo Hrvatom pri za\u0161\u010diti, informacijski, kulturni, zgodovinski, etni\u010dni, nacionalni, ekolo\u0161ki, humanitarni , izobra\u017eevalni, socialni in drugih vrednotah Hrvatov v Sloveniji.<\/p><p>\u010clan lahko postane polnoletna oseba, ki sprejme statut DHCKL. Prvi korak k polnemu \u010dlanstvu je izpolnitev spletnega obrazca za prijavo, tukaj na na\u0161i spletni strani, ki ga najdete v meniju \u00bbprijavnica\u00ab.<\/p><p>Letna \u010dlanarina zna\u0161a: 10,00 \u20ac.<\/p><p>Na\u0161a vrata so odprta za vse ljudi z velikim srcem in dobrimi nameni, zato se nam pridru\u017eite in izpolnite prijavnico \u0161e danes!<\/p>\t\t\t\t\t\t\t\t<\/div>\n\t\t\t\t<\/div>\n\t\t\t\t\t<\/div>\n\t\t<\/div>\n\t\t\t\t<div class=\"elementor-column elementor-col-50 elementor-top-column elementor-element elementor-element-6c3a3b3\" data-id=\"6c3a3b3\" data-element_type=\"column\">\n\t\t\t<div class=\"elementor-widget-wrap elementor-element-populated\">\n\t\t\t\t\t\t<div class=\"elementor-element elementor-element-451c8a9 elementor-widget elementor-widget-text-editor\" data-id=\"451c8a9\" data-element_type=\"widget\" data-widget_type=\"text-editor.default\">\n\t\t\t\t<div class=\"elementor-widget-container\">\n\t\t\t\t\t\t\t\t\t<p><strong>NA\u010cIN PLA\u010cILA \u010cLANARINE:<\/strong><\/p><p>Prejemnik: Dru\u0161tvo HCKL<br \/>Ulica Ivane Kobilce 7., Ljubljana <br \/>Registrska \u0161tevilka: 4125029000<br \/>Dav\u010dna \u0161tevilka 35122625<br \/>\u0160tevilka \u017eiro ra\u010duna prejemnika:<br \/>IBAN: SI56 0202 2026 3607 063<br \/>Nova Ljubljanska banka<\/p>\t\t\t\t\t\t\t\t<\/div>\n\t\t\t\t<\/div>\n\t\t\t\t\t<\/div>\n\t\t<\/div>\n\t\t\t\t\t<\/div>\n\t\t<\/section>\n\t\t\t\t<\/div>","protected":false},"excerpt":{"rendered":"<p>U\u010dlanjenjem u DHCKL postajete dio jedne velike obitelji Hrvata u Sloveniji koji kroz okupljanje, upoznavanje i povezivanje me\u0111usobno sura\u0111uju na raznim projektima te poma\u017eu Hrvatima radi za\u0161tite, informacijskih, kulturnih, povijesnih, etni\u010dkih, nacionalnih, ekolo\u0161kih, humanitarnih, prosvjetnih,&hellip;<\/p>","protected":false},"author":1,"featured_media":0,"parent":0,"menu_order":0,"comment_status":"closed","ping_status":"closed","template":"","meta":{"footnotes":""},"class_list":["post-3560","page","type-page","status-publish","hentry"],"_links":{"self":[{"href":"https:\/\/www.hckl.si\/sl\/wp-json\/wp\/v2\/pages\/3560","targetHints":{"allow":["GET"]}}],"collection":[{"href":"https:\/\/www.hckl.si\/sl\/wp-json\/wp\/v2\/pages"}],"about":[{"href":"https:\/\/www.hckl.si\/sl\/wp-json\/wp\/v2\/types\/page"}],"author":[{"embeddable":true,"href":"https:\/\/www.hckl.si\/sl\/wp-json\/wp\/v2\/users\/1"}],"replies":[{"embeddable":true,"href":"https:\/\/www.hckl.si\/sl\/wp-json\/wp\/v2\/comments?post=3560"}],"version-history":[{"count":33,"href":"https:\/\/www.hckl.si\/sl\/wp-json\/wp\/v2\/pages\/3560\/revisions"}],"predecessor-version":[{"id":4953,"href":"https:\/\/www.hckl.si\/sl\/wp-json\/wp\/v2\/pages\/3560\/revisions\/4953"}],"wp:attachment":[{"href":"https:\/\/www.hckl.si\/sl\/wp-json\/wp\/v2\/media?parent=3560"}],"curies":[{"name":"wp","href":"https:\/\/api.w.org\/{rel}","templated":true}]}}